{"id":2,"date":"2011-11-24T00:27:06","date_gmt":"2011-11-24T00:27:06","guid":{"rendered":"http:\/\/www.collanzo.com\/WP_blog\/?page_id=2"},"modified":"2012-03-11T12:36:32","modified_gmt":"2012-03-11T11:36:32","slug":"pagina-ejemplo","status":"publish","type":"page","link":"https:\/\/www.collanzo.com\/WP_blog\/?page_id=2","title":{"rendered":"Informaci\u00f3n"},"content":{"rendered":"<p>Desde 2002, a\u00f1o en que creamos el dominio www.collanzo.com con el fin de tener en Internet un medio de\u00a0comunicaci\u00f3n\u00a0y divulgaci\u00f3n de noticias, historia, y fotos de nuestro entorno, los vecinos de San Blas, que abarca los pueblos de Collanzo, Cu\u00e9rigo, Santiba\u00f1ez y La fuente, hemos llenado muchas p\u00e1ginas que estar\u00e1n siempre\u00a0en la web\u00a0para el recuerdo de nuestro pasado .<\/p>\n<p>Con este Blog inciamos un medio m\u00e1s de comunicaci\u00f3n para publicar noticias de nuestro entorno y en el que todos los que quieran pueden participar y trasmitir sus comentarios y opiniones.<\/p>\n<p><img decoding=\"async\" title=\"M\u00e1s...\" src=\"http:\/\/www.collanzo.com\/WP_blog\/wp-includes\/js\/tinymce\/plugins\/wordpress\/img\/trans.gif\" alt=\"\" \/>Te animamos para que colabores y hacer de este sitio un lugar activo en el que todos los que tengamos que ver con los pueblos de Collanzo, Cu\u00e9rigo, Santiba\u00f1es y La Fuente, podamos tener noticias, recuerdos, etc.<\/p>\n<p>Tambien animamos a los que viven lejos y que, a traves de este medio, puedan seguir manteniendo contacto con nosotros.<\/p>\n<p>Todo lo que\u00a0aqu\u00ed\u00a0se comente y se publique debe de ser visto siempre desde la \u00a0<strong>UNI\u00d3N Y RESPETO A LOS\u00a0<\/strong><span style=\"color: #000000;\"><strong>DEM\u00c1S<\/strong><\/span>, \u00a0los que quieran participar, os rogamos que no lo utiliceis con otros objetivos distintos.<\/p>\n","protected":false},"excerpt":{"rendered":"<p>Desde 2002, a\u00f1o en que creamos el dominio www.collanzo.com con el fin de tener en Internet un medio de\u00a0comunicaci\u00f3n\u00a0y divulgaci\u00f3n de noticias, historia, y fotos de nuestro entorno, los vecinos de San Blas, que abarca los pueblos de Collanzo, Cu\u00e9rigo, Santiba\u00f1ez y La fuente, hemos llenado muchas p\u00e1ginas que estar\u00e1n siempre\u00a0en la web\u00a0para el recuerdo [&hellip;]<\/p>\n","protected":false},"author":1,"featured_media":0,"parent":0,"menu_order":0,"comment_status":"open","ping_status":"open","template":"onecolumn-page.php","meta":{"footnotes":"","_links_to":"","_links_to_target":""},"class_list":["post-2","page","type-page","status-publish","hentry"],"_links":{"self":[{"href":"https:\/\/www.collanzo.com\/WP_blog\/index.php?rest_route=\/wp\/v2\/pages\/2","targetHints":{"allow":["GET"]}}],"collection":[{"href":"https:\/\/www.collanzo.com\/WP_blog\/index.php?rest_route=\/wp\/v2\/pages"}],"about":[{"href":"https:\/\/www.collanzo.com\/WP_blog\/index.php?rest_route=\/wp\/v2\/types\/page"}],"author":[{"embeddable":true,"href":"https:\/\/www.collanzo.com\/WP_blog\/index.php?rest_route=\/wp\/v2\/users\/1"}],"replies":[{"embeddable":true,"href":"https:\/\/www.collanzo.com\/WP_blog\/index.php?rest_route=%2Fwp%2Fv2%2Fcomments&post=2"}],"version-history":[{"count":10,"href":"https:\/\/www.collanzo.com\/WP_blog\/index.php?rest_route=\/wp\/v2\/pages\/2\/revisions"}],"predecessor-version":[{"id":22,"href":"https:\/\/www.collanzo.com\/WP_blog\/index.php?rest_route=\/wp\/v2\/pages\/2\/revisions\/22"}],"wp:attachment":[{"href":"https:\/\/www.collanzo.com\/WP_blog\/index.php?rest_route=%2Fwp%2Fv2%2Fmedia&parent=2"}],"curies":[{"name":"wp","href":"https:\/\/api.w.org\/{rel}","templated":true}]}}