{"id":235,"date":"2004-06-10T00:58:41","date_gmt":"2004-06-10T00:58:41","guid":{"rendered":"http:\/\/www.collanzo.com\/WP_Historia\/?page_id=235"},"modified":"2011-12-10T00:59:38","modified_gmt":"2011-12-10T00:59:38","slug":"235-2","status":"publish","type":"page","link":"https:\/\/www.collanzo.com\/WP_Historia\/?page_id=235","title":{"rendered":"ARCHIVO BIBLIOGR\u00c1FICO DE LA PARROQUIA DE SAN JUAN DE RIOMIERA"},"content":{"rendered":"<p><span style=\"color: #000080; font-family: Georgia;\">En los archivos de la biblioteca del Seminario de Oviedo se encuentran depositados diversos libros hist\u00f3ricos de los siglos XVI\u00a0 y siguientes de nuestra parroquia, San Juan de Riomiera.<\/span><\/p>\n<p><span style=\"color: #000080; font-family: Georgia;\">Estas\u00a0obras\u00a0llevan\u00a0varios a\u00f1os depositadas\u00a0en dicho lugar, donde podemos decir que disfruta de mejores condiciones de conservaci\u00f3n, ya que todos los libros han sido tratados de los males habituales en la conservaci\u00f3n, en especial la polilla.<\/span><\/p>\n<p><span style=\"color: #000080; font-family: Georgia;\">Cualquier vecino que desee conocer este patrimonio puede acercarse por dicha biblioteca, donde el bibliotecario D. Jos\u00e9 Manuel Vi\u00f1a, con una elogiable amabilidad le mostrara toda esta recopilaci\u00f3n bibliogr\u00e1fica.<\/span><\/p>\n<p><span style=\"color: #000080; font-family: Georgia;\">En este compendio de libros, se encuentran\u00a0algunos\u00a0de un gran valor como es el caso de \u201cSuma Teol\u00f3gica de Santo Tomas\u201d.<\/span><\/p>\n<p><span style=\"color: #000080; font-family: Georgia;\">Adjuntamos una copia de la relaci\u00f3n del fichero de la biblioteca.<\/span><\/p>\n<hr \/>\n<table border=\"0\" cellspacing=\"0\" cellpadding=\"0\">\n<colgroup>\n<col width=\"80\" \/>\n<col width=\"173\" \/>\n<col width=\"504\" \/>\n<col width=\"116\" \/>\n<col width=\"39\" \/>\n<col width=\"80\" \/>\n<col width=\"131\" \/><\/colgroup>\n<tbody>\n<tr>\n<td bgcolor=\"#FFFFFF\" height=\"18\">N\u00famero<\/td>\n<td bgcolor=\"#FFFFFF\">AUTOR<\/td>\n<td bgcolor=\"#FFFFFF\">TITULO<\/td>\n<td bgcolor=\"#FFFFFF\">Lugar de edici\u00f3n<\/td>\n<td bgcolor=\"#FFFFFF\">A\u00f1o<\/td>\n<td bgcolor=\"#FFFFFF\">Vols.<\/td>\n<td bgcolor=\"#FFFFFF\">OBSERVACIONES<\/td>\n<\/tr>\n<tr>\n<td height=\"18\">1-4<\/td>\n<td>Bernardinus Senenais<\/td>\n<td>Cpera.Omnia<\/td>\n<td>Venetiis<\/td>\n<td>1745<\/td>\n<td>4<\/td>\n<td>5 tomos en 4 vols.<\/td>\n<\/tr>\n<tr>\n<td height=\"18\">5<\/td>\n<td>Bellarminus,R<\/td>\n<td>Sxplanatio in Psalmog<\/td>\n<td>Venetiis<\/td>\n<td>1776<\/td>\n<td>1<\/td>\n<td><\/td>\n<\/tr>\n<tr>\n<td height=\"18\">6-7<\/td>\n<td>Alfonso el Nono<\/td>\n<td>Las siete Partidas<\/td>\n<td>Lyon<\/td>\n<td>1550<\/td>\n<td>2<\/td>\n<td><\/td>\n<\/tr>\n<tr>\n<td height=\"18\">8-9<\/td>\n<td>Martene,Edmundo<\/td>\n<td>De antiquis Ecclesia<span>\u00a0ritibus<\/span><\/td>\n<td>Antuerpiae<\/td>\n<td>1763<\/td>\n<td>2<\/td>\n<td>tomos en 2 vols.<\/td>\n<\/tr>\n<tr>\n<td height=\"18\">10-11<\/td>\n<td>Bernardus.Claravallensis<\/td>\n<td>Opera<\/td>\n<td><\/td>\n<td><\/td>\n<td>2<\/td>\n<td><\/td>\n<\/tr>\n<tr>\n<td height=\"18\">12-14<\/td>\n<td><\/td>\n<td>Leyes de recopilaci\u00f3n<\/td>\n<td>Madrid<\/td>\n<td>1772<\/td>\n<td>3<\/td>\n<td><\/td>\n<\/tr>\n<tr>\n<td height=\"18\">15<\/td>\n<td>Thornasinus-Alberoni<\/td>\n<td>Disertationes in Concilia<\/td>\n<td>Lucae<\/td>\n<td>1728<\/td>\n<td>1<\/td>\n<td><\/td>\n<\/tr>\n<tr>\n<td height=\"18\">16-18<\/td>\n<td>Thomas-Caietano<\/td>\n<td>SuQma theol\u00f3gica<\/td>\n<td>Luagduni<\/td>\n<td>1585<\/td>\n<td>3<\/td>\n<td><\/td>\n<\/tr>\n<tr>\n<td height=\"18\">19<\/td>\n<td>D. Thornas<\/td>\n<td>Queastiones disputatae<\/td>\n<td>Laugduni<\/td>\n<td>1595<\/td>\n<td>1<\/td>\n<td><\/td>\n<\/tr>\n<tr>\n<td height=\"18\">20<\/td>\n<td>D. Thomas<\/td>\n<td>Summa contra Gentiles<\/td>\n<td>Iaugduni<\/td>\n<td>1567<\/td>\n<td>1<\/td>\n<td><\/td>\n<\/tr>\n<tr>\n<td height=\"18\">21<\/td>\n<td>D. Thomas<\/td>\n<td>Opuscula omnia<\/td>\n<td>Laugduni<\/td>\n<td>1562<\/td>\n<td>1<\/td>\n<td><\/td>\n<\/tr>\n<tr>\n<td height=\"18\">22<\/td>\n<td>D. Thornas<\/td>\n<td>\u00edndex operum<\/td>\n<td>Romae<\/td>\n<td>1570<\/td>\n<td>1<\/td>\n<td><\/td>\n<\/tr>\n<tr>\n<td height=\"18\">23<\/td>\n<td><\/td>\n<td>Concordantiae S.Bibliorun Vulgatae Ed.<\/td>\n<td>Venetiis<\/td>\n<td>1770<\/td>\n<td>1<\/td>\n<td><\/td>\n<\/tr>\n<tr>\n<td height=\"18\">24-51<\/td>\n<td>D. Thomas<\/td>\n<td>Opera<\/td>\n<td>Venetiis<\/td>\n<td>1775<\/td>\n<td>28<\/td>\n<td><\/td>\n<\/tr>\n<tr>\n<td height=\"18\">52<\/td>\n<td>D. Thornas<\/td>\n<td>Theologiae summae compendium<\/td>\n<td>Matriti<\/td>\n<td>1747<\/td>\n<td>1<\/td>\n<td><\/td>\n<\/tr>\n<tr>\n<td height=\"18\">53-54<\/td>\n<td>Bancel, Ludovico<\/td>\n<td>Moralis D.Thoniae ad modum dictionarii<\/td>\n<td>Venetiis<\/td>\n<td>1769<\/td>\n<td>2<\/td>\n<td><\/td>\n<\/tr>\n<tr>\n<td height=\"18\">55-57<\/td>\n<td>Illescas, Dr.Gonzalo de<\/td>\n<td>H<span><sup>a<\/sup><\/span><span>. Pontifical y Cat\u00f3lica<\/span><\/td>\n<td>Madrid<\/td>\n<td>1652<\/td>\n<td>3<\/td>\n<td><\/td>\n<\/tr>\n<tr>\n<td height=\"18\">58<\/td>\n<td>Durando,Gulielmo<\/td>\n<td>Prochiron, vulgo rationale divinorum<\/td>\n<td>Madrid<\/td>\n<td>1775<\/td>\n<td>1<\/td>\n<td><\/td>\n<\/tr>\n<tr>\n<td height=\"18\"><\/td>\n<td><\/td>\n<td>officiorum<\/td>\n<td><\/td>\n<td><\/td>\n<td><\/td>\n<td><\/td>\n<\/tr>\n<tr>\n<td height=\"18\">59-60<\/td>\n<td>Villaroel, Fr. Gaspar<\/td>\n<td>Gobierno eclesi\u00e1stico pac\u00edfico<\/td>\n<td>Madrid<\/td>\n<td>1738<\/td>\n<td>2<\/td>\n<td><\/td>\n<\/tr>\n<tr>\n<td height=\"18\">61<\/td>\n<td><\/td>\n<td>constituciones sinodales del Arzobis\u00adpado de Burdos<\/td>\n<td>Burgos<\/td>\n<td>1575<\/td>\n<td>1<\/td>\n<td><\/td>\n<\/tr>\n<tr>\n<td height=\"18\">62<\/td>\n<td>Corriols,Eduardo<\/td>\n<td>Vidas de varios santos y\u00a0beatos.<\/td>\n<td>Barcelona<\/td>\n<td>1791<\/td>\n<td>1<\/td>\n<td>\u00a03 tomos en 1 vol.<\/td>\n<\/tr>\n<tr>\n<td height=\"18\">63-69<\/td>\n<td>Zarnboni, Fortunatus<\/td>\n<td>Collectio declamationum<\/td>\n<td>Viennae<\/td>\n<td>1812<\/td>\n<td>7<\/td>\n<td><\/td>\n<\/tr>\n<tr>\n<td height=\"18\">70-87<\/td>\n<td>Masdeu<\/td>\n<td>Historia cr\u00edtica de Espa\u00f1a<\/td>\n<td>Madrid<\/td>\n<td>1885<\/td>\n<td>18<\/td>\n<td>\u00a0falta el tomo 18<\/td>\n<\/tr>\n<tr>\n<td height=\"18\">88-9C<\/td>\n<td>Granatensis<\/td>\n<td>Concionum\u00a0&#8211; De Sanctis<\/td>\n<td>Valencia<\/td>\n<td>1769<\/td>\n<td>3<\/td>\n<td><\/td>\n<\/tr>\n<tr>\n<td height=\"18\">91-96<\/td>\n<td>Grg.ratensis<\/td>\n<td>Concionum &#8211; De tempore<\/td>\n<td>Valentiae<\/td>\n<td>1765<\/td>\n<td>6<\/td>\n<td><\/td>\n<\/tr>\n<tr>\n<td height=\"18\">97-98<\/td>\n<td>Lorenzo , Graci\u00e1n<\/td>\n<td>Obras<\/td>\n<td>Madrid<\/td>\n<td>1773<\/td>\n<td>2<\/td>\n<td><\/td>\n<\/tr>\n<tr>\n<td height=\"18\">99-105<\/td>\n<td>S.Agust\u00edn<\/td>\n<td>Op\u00fascula<\/td>\n<td>Madrid<\/td>\n<td>1800<\/td>\n<td>7<\/td>\n<td><\/td>\n<\/tr>\n<tr>\n<td height=\"18\">1C6<\/td>\n<td>D\u00edaz de Llanos. Frcyl<\/td>\n<td>De generatione et corruptione tractatus<\/td>\n<td>Vallisoleti<\/td>\n<td>1699<\/td>\n<td>1<\/td>\n<td><\/td>\n<\/tr>\n<tr>\n<td height=\"18\">1o7<\/td>\n<td>D\u00edaz FroyIano<\/td>\n<td>Philosophia naturalista<\/td>\n<td>Vallisoleti<\/td>\n<td>1749<\/td>\n<td>1<\/td>\n<td><\/td>\n<\/tr>\n<tr>\n<td height=\"18\">1C8<\/td>\n<td>Calatayud,P<\/td>\n<td>Doctrna pr\u00e1ctica<\/td>\n<td>Valencia<\/td>\n<td>1736<\/td>\n<td>1<\/td>\n<td><\/td>\n<\/tr>\n<tr>\n<td height=\"18\">10S<\/td>\n<td>Nu\u00f1ez de Castro, Alonso<\/td>\n<td>Saneca ia\u00fcuanado<\/td>\n<td>Madrid<\/td>\n<td>1541<\/td>\n<td>1<\/td>\n<td><\/td>\n<\/tr>\n<tr>\n<td height=\"18\">110-11<\/td>\n<td><\/td>\n<td>Colecci\u00f3n de los decretos y ordenes de las Cortes entre 1810-1811<\/td>\n<td>Madrid<\/td>\n<td>1813<\/td>\n<td>2<\/td>\n<td>4 tomos en 2 vols.<\/td>\n<\/tr>\n<tr>\n<td height=\"18\">112-114<\/td>\n<td>Kempis<\/td>\n<td>Obras<\/td>\n<td>Santander<\/td>\n<td>1789<\/td>\n<td>3<\/td>\n<td><\/td>\n<\/tr>\n<tr>\n<td height=\"18\">115<\/td>\n<td>Nierenberg. J.E de<\/td>\n<td>Partida a la eternidad y preparaci\u00f3n para la muerte<\/td>\n<td>Caragoca<\/td>\n<td>1643<\/td>\n<td>1<\/td>\n<td><\/td>\n<\/tr>\n<tr>\n<td height=\"18\">116<\/td>\n<td>Fumi Placentini.B.<\/td>\n<td>Summa<\/td>\n<td>Millis<\/td>\n<td>1552<\/td>\n<td>1<\/td>\n<td><\/td>\n<\/tr>\n<tr>\n<td height=\"18\">117-18<\/td>\n<td>Ferrer, Vicente<\/td>\n<td>Suna aoral para examen de curas..<\/td>\n<td>Valencia<\/td>\n<td>1775<\/td>\n<td>2<\/td>\n<td><\/td>\n<\/tr>\n<tr>\n<td height=\"18\">119<\/td>\n<td>Martin M. J.<\/td>\n<td>Colecci\u00f3n de varias historias<\/td>\n<td>Madrid<\/td>\n<td>1776<\/td>\n<td>1<\/td>\n<td><\/td>\n<\/tr>\n<tr>\n<td height=\"18\">120<\/td>\n<td>Corrella. Fr.Jaime<\/td>\n<td>Suma de la teolog\u00eda moral<\/td>\n<td>Valencia<\/td>\n<td>1693<\/td>\n<td>1<\/td>\n<td><\/td>\n<\/tr>\n<tr>\n<td height=\"18\">121<\/td>\n<td>Granda, Fr. Tomas.<\/td>\n<td>El sol de la&#8217; verdad<\/td>\n<td>Salamanca<\/td>\n<td>1729<\/td>\n<td>1<\/td>\n<td><\/td>\n<\/tr>\n<tr>\n<td height=\"18\">122<\/td>\n<td>Angelas, Fr. Pedro de<\/td>\n<td>Compendio de orden judicial y pr\u00e1ctica del tribunal de religiosos.<\/td>\n<td>Madrid<\/td>\n<td>1643<\/td>\n<td>1<\/td>\n<td><\/td>\n<\/tr>\n<tr>\n<td height=\"18\">123<\/td>\n<td>Molina, Antonio de<\/td>\n<td>Ejercicios espirituales&#8230;<\/td>\n<td><\/td>\n<td><\/td>\n<td><\/td>\n<td><\/td>\n<\/tr>\n<tr>\n<td height=\"18\">124<\/td>\n<td>Garc\u00eda Hern\u00e1ndez. F.<\/td>\n<td>Nuevo discurso de la generaci\u00f3n de p\u00eda<\/td>\n<td>Madrid<\/td>\n<td>1767<\/td>\n<td>1<\/td>\n<td><\/td>\n<\/tr>\n<tr>\n<td height=\"18\">125<\/td>\n<td>Llorente, Juan Antonio<\/td>\n<td>Discursos hist\u00f3rico-can\u00f3nicos sobre beneficios de Galahorra y la Calzada.<\/td>\n<td>Pamplona<\/td>\n<td>1789<\/td>\n<td>1<\/td>\n<td>parte primera<\/td>\n<\/tr>\n<tr>\n<td height=\"18\">19.5<\/td>\n<td>Thesauro, D.Manuel<\/td>\n<td>Filosof\u00eda moral<\/td>\n<td>Valencia<\/td>\n<td>1708<\/td>\n<td>1<\/td>\n<td><\/td>\n<\/tr>\n<tr>\n<td height=\"18\">127<\/td>\n<td>S.Bernardo<\/td>\n<td>Op\u00fasculos<\/td>\n<td>Burgos<\/td>\n<td>1795<\/td>\n<td>1<\/td>\n<td><\/td>\n<\/tr>\n<tr>\n<td height=\"18\">1?8-31<\/td>\n<td>Autos acordados<\/td>\n<td>Autos nuevos<\/td>\n<td>Madrid<\/td>\n<td>1777<\/td>\n<td>4<\/td>\n<td><\/td>\n<\/tr>\n<tr>\n<td height=\"18\">132<\/td>\n<td>Alfaro, Gregorio de<\/td>\n<td>Gobierno eclesi\u00e1stico<\/td>\n<td>Valencia<\/td>\n<td>1769<\/td>\n<td>1<\/td>\n<td><\/td>\n<\/tr>\n<tr>\n<td height=\"18\">133-134<\/td>\n<td>Danes, Ludovico<\/td>\n<td>Institutiones doctrinae christianae<\/td>\n<td>Venetiis<\/td>\n<td>1771<\/td>\n<td>2<\/td>\n<td><\/td>\n<\/tr>\n<tr>\n<td height=\"18\">135<\/td>\n<td>Platinae, B<\/td>\n<td>H<span><sup>a<\/sup><\/span><span>. de vitis Pontificum Romanorum<\/span><\/td>\n<td>Florentiae<\/td>\n<td>1562<\/td>\n<td>1<\/td>\n<td><\/td>\n<\/tr>\n<tr>\n<td height=\"18\">136<\/td>\n<td>Carranza, FR. B.<\/td>\n<td>Summa Conciliorum summorumque Pontificum a S. Petro usque Julium III<\/td>\n<td>Matriti<\/td>\n<td>1766<\/td>\n<td>1<\/td>\n<td><\/td>\n<\/tr>\n<tr>\n<td height=\"18\">137-40<\/td>\n<td>Teresa da Jes\u00fas<\/td>\n<td>Cartas<\/td>\n<td>Madrid<\/td>\n<td>1778<\/td>\n<td>4<\/td>\n<td><\/td>\n<\/tr>\n<tr>\n<td height=\"18\">141<\/td>\n<td>Spiridione<\/td>\n<td>Decreta, authentica S.Ritum Congreg.<\/td>\n<td>Tenetiis<\/td>\n<td>1760<\/td>\n<td>1<\/td>\n<td><\/td>\n<\/tr>\n<tr>\n<td height=\"18\">142<\/td>\n<td>Echandi, Alberico<\/td>\n<td>Tratado historial del ayuno eclesi\u00e1stico<\/td>\n<td>Pamplona<\/td>\n<td>1796<\/td>\n<td>1<\/td>\n<td><\/td>\n<\/tr>\n<tr>\n<td height=\"18\">143-57<\/td>\n<td>Palafox\u00a0<span>y<\/span><span>\u00a0Mendoza,V.J.<\/span><\/td>\n<td>Obras<\/td>\n<td>Madrid<\/td>\n<td>1762<\/td>\n<td>1<\/td>\n<td>13 tomos en 15 vols.<\/td>\n<\/tr>\n<tr>\n<td height=\"18\">158<\/td>\n<td>Titelmanno H.,Fr.<\/td>\n<td>Elucidatio in omnes psalmos<\/td>\n<td>Lugduni<\/td>\n<td>1545<\/td>\n<td>1<\/td>\n<td><\/td>\n<\/tr>\n<tr>\n<td height=\"18\">159<\/td>\n<td>Ribadeneira, P. Y otros<\/td>\n<td>Flos sanctorum<\/td>\n<td>Barcelona<\/td>\n<td>1790<\/td>\n<td>1<\/td>\n<td><\/td>\n<\/tr>\n<tr>\n<td height=\"18\">160-61<\/td>\n<td>Murcia, Fr.Juan<\/td>\n<td>Sermones<\/td>\n<td>Barcelona<\/td>\n<td>1743<\/td>\n<td>2<\/td>\n<td><\/td>\n<\/tr>\n<tr>\n<td height=\"18\">162<\/td>\n<td>Vigandt , Fr .Martinus<\/td>\n<td>Tribunal comfessariorum et ordinand.<\/td>\n<td>Madrid<\/td>\n<td>1755<\/td>\n<td>1<\/td>\n<td><sup>\u00a0<\/sup><\/td>\n<\/tr>\n<tr>\n<td height=\"18\">163<\/td>\n<td>Medrano, Fr.Manuel<\/td>\n<td>H<span><sup>a<\/sup><\/span><span>. de la provincia de Espa\u00f1a (O.P.)<\/span><\/td>\n<td>Madrid<\/td>\n<td>1725<\/td>\n<td>1<\/td>\n<td>tomo:1<\/td>\n<\/tr>\n<tr>\n<td height=\"18\">164<\/td>\n<td>Cornejo ,Fr. Dami\u00e1n<\/td>\n<td>Chronica seraphica<\/td>\n<td>Madrid<\/td>\n<td>1686<\/td>\n<td>1<\/td>\n<td><\/td>\n<\/tr>\n<tr>\n<td height=\"18\">165<\/td>\n<td>Machinado, Manuel<\/td>\n<td>Additiones legales hisp\u00e1nicas ad Ferraris<\/td>\n<td>Madrid<\/td>\n<td>1783<\/td>\n<td>1<\/td>\n<td><\/td>\n<\/tr>\n<\/tbody>\n<\/table>\n","protected":false},"excerpt":{"rendered":"<p>En los archivos de la biblioteca del Seminario de Oviedo se encuentran depositados diversos libros hist\u00f3ricos de los siglos XVI\u00a0 y siguientes de nuestra parroquia, San Juan de Riomiera. Estas\u00a0obras\u00a0llevan\u00a0varios a\u00f1os depositadas\u00a0en dicho lugar, donde podemos decir que disfruta de &hellip; <a href=\"https:\/\/www.collanzo.com\/WP_Historia\/?page_id=235\">Sigue leyendo <span class=\"meta-nav\">&rarr;<\/span><\/a><\/p>\n","protected":false},"author":1,"featured_media":0,"parent":0,"menu_order":0,"comment_status":"open","ping_status":"open","template":"onecolumn-page.php","meta":{"footnotes":"","_links_to":"","_links_to_target":""},"class_list":["post-235","page","type-page","status-publish","hentry"],"_links":{"self":[{"href":"https:\/\/www.collanzo.com\/WP_Historia\/index.php?rest_route=\/wp\/v2\/pages\/235","targetHints":{"allow":["GET"]}}],"collection":[{"href":"https:\/\/www.collanzo.com\/WP_Historia\/index.php?rest_route=\/wp\/v2\/pages"}],"about":[{"href":"https:\/\/www.collanzo.com\/WP_Historia\/index.php?rest_route=\/wp\/v2\/types\/page"}],"author":[{"embeddable":true,"href":"https:\/\/www.collanzo.com\/WP_Historia\/index.php?rest_route=\/wp\/v2\/users\/1"}],"replies":[{"embeddable":true,"href":"https:\/\/www.collanzo.com\/WP_Historia\/index.php?rest_route=%2Fwp%2Fv2%2Fcomments&post=235"}],"version-history":[{"count":2,"href":"https:\/\/www.collanzo.com\/WP_Historia\/index.php?rest_route=\/wp\/v2\/pages\/235\/revisions"}],"predecessor-version":[{"id":237,"href":"https:\/\/www.collanzo.com\/WP_Historia\/index.php?rest_route=\/wp\/v2\/pages\/235\/revisions\/237"}],"wp:attachment":[{"href":"https:\/\/www.collanzo.com\/WP_Historia\/index.php?rest_route=%2Fwp%2Fv2%2Fmedia&parent=235"}],"curies":[{"name":"wp","href":"https:\/\/api.w.org\/{rel}","templated":true}]}}